{"id":617,"date":"2015-03-03T17:30:00","date_gmt":"2015-03-03T17:30:00","guid":{"rendered":"http:\/\/www.ovoda.abdaiak.hu\/?page_id=617"},"modified":"2026-02-25T09:35:20","modified_gmt":"2026-02-25T09:35:20","slug":"kapcsolat","status":"publish","type":"page","link":"https:\/\/www.mezeskalacs-ovoda.hu\/?page_id=617","title":{"rendered":"Kapcsolat"},"content":{"rendered":"\t\t<div data-elementor-type=\"wp-page\" data-elementor-id=\"617\" class=\"elementor elementor-617\">\n\t\t\t\t\t\t<div class=\"elementor-inner\">\n\t\t\t\t<div class=\"elementor-section-wrap\">\n\t\t\t\t\t\t\t\t\t<section class=\"elementor-section elementor-top-section elementor-element elementor-element-7aa7d9c elementor-section-boxed elementor-section-height-default elementor-section-height-default\" data-id=\"7aa7d9c\" data-element_type=\"section\">\n\t\t\t\t\t\t<div class=\"elementor-container elementor-column-gap-default\">\n\t\t\t\t\t\t\t<div class=\"elementor-row\">\n\t\t\t\t\t<div class=\"elementor-column elementor-col-100 elementor-top-column elementor-element elementor-element-74b0ace8\" data-id=\"74b0ace8\" data-element_type=\"column\">\n\t\t\t<div class=\"elementor-column-wrap elementor-element-populated\">\n\t\t\t\t\t\t\t<div class=\"elementor-widget-wrap\">\n\t\t\t\t\t\t<div class=\"elementor-element elementor-element-34c3658c elementor-widget elementor-widget-text-editor\" data-id=\"34c3658c\" data-element_type=\"widget\" data-widget_type=\"text-editor.default\">\n\t\t\t\t<div class=\"elementor-widget-container\">\n\t\t\t\t\t\t\t\t<div class=\"elementor-text-editor elementor-clearfix\">\n\t\t\t\t<p><strong><span style=\"font-size: 20px;\"><span style=\"font-family: georgia,serif;\">M\u00e9zeskal\u00e1cs K\u00f6rzeti Napk\u00f6zi Otthonos \u00d3voda \u00e9s B\u00f6lcs\u0151de<\/span><\/span><\/strong><\/p><p><span style=\"font-family: georgia,serif;\"><span style=\"font-size: 16px;\">9151 Abda Szent Imre utca 2.<\/span><\/span><\/p><p><span style=\"font-family: georgia,serif;\"><span style=\"font-size: 12px;\"><em>Telefon:<\/em> 06-96\/350-349<br \/><em>E-mail: \u00a0<\/em><\/span><\/span><strong><a href=\"mailto:ovoda@abda.hu\">ovoda@abda.hu<\/a><\/strong><\/p><p><span style=\"font-family: georgia,serif;\"><em>F\u0151igazgat\u00f3:<\/em> Nagyn\u00e9 Szekeres M\u00e1rta<br \/><em>El\u00e9rhet\u0151: 9.00-14.00 \u00f3r\u00e1ig<\/em><\/span><\/p><p><em><span style=\"font-family: georgia,serif;\">F\u0151igazgat\u00f3 helyettes<\/span>: <\/em><span style=\"font-family: georgia,serif;\">Sink\u00f3n\u00e9 Meszl\u00e9nyi Ildik\u00f3<\/span><br \/><span style=\"font-family: georgia,serif;\"><em>El\u00e9rhet\u0151: 10.00-14.00 \u00f3r\u00e1ig<\/em><\/span><\/p><p><span style=\"font-family: georgia,serif;\"><em>\u00d3vodatitk\u00e1r:<\/em> L\u00e1szl\u00f3ffy-Pet\u0151 Judit<br \/><em>El\u00e9rhet\u0151: 7.30-15.30 \u00f3r\u00e1ig<\/em><\/span><\/p><p><span style=\"font-family: georgia,serif;\"><em>B\u00f6lcs\u0151de szakmai vezet\u0151:<\/em> S\u00e1h\u00f3-Felhoffer Linda<\/span><br \/><span style=\"font-family: georgia,serif;\"><em>El\u00e9rhet\u0151: 10.00-14.00<\/em><\/span><\/p><p><strong><span style=\"font-family: georgia,serif;\"><span style=\"font-size: 16px;\">Tag\u00f3vod\u00e1k:<\/span><\/span><\/strong><\/p><p><span style=\"font-family: georgia,serif;\"><strong><span style=\"font-size: 18px;\">Pitypang Napk\u00f6zi Otthonos Tag\u00f3voda<\/span><\/strong><\/span><\/p><p><span style=\"font-family: georgia,serif;\"><span style=\"font-size: 16px;\">9152 B\u00f6rcs Erzs\u00e9bet t\u00e9r 4\/a.<\/span><\/span><\/p><p><span style=\"font-family: georgia,serif;\"><em>Telefon: <\/em>06-96\/553-244<br \/><em>E-mail:<\/em>\u00a0 <strong><a href=\"mailto:kispitypangok@gmail.com\">kispitypangok@gmail.com<\/a><\/strong>\u00a0<br \/><\/span><\/p><p><span style=\"font-family: georgia,serif;\"><em>Tag\u00f3voda igazgat\u00f3:<\/em> Kuglin\u00e9 Haszonits Barbara<br \/><em>El\u00e9rhet\u0151: <\/em>10.30-13.00<\/span><\/p><p><span style=\"font-family: georgia,serif;\"><strong><span style=\"font-size: 18px;\">Napsug\u00e1r Napk\u00f6zi Otthonos Tag\u00f3voda<\/span><\/strong><\/span><\/p><p><span style=\"font-family: georgia,serif;\"><span style=\"font-size: 16px;\">9141 Ikr\u00e9ny Sz\u00e9chenyi utca 15.<\/span><\/span><\/p><p><span style=\"font-family: georgia,serif;\"><em>Telefon: <\/em>06-96\/830-822<\/span><br \/><span style=\"font-family: georgia,serif;\"><em>E-mail: <\/em><\/span><strong><a href=\"mailto:ovoda@ikreny.hu\">ovoda@ikreny.hu<\/a><\/strong><\/p><p><span style=\"font-family: georgia,serif;\"><em>Tag\u00f3voda igazgat\u00f3:<\/em> Fodorn\u00e9 N\u00e9meth Anik\u00f3<br \/><em>El\u00e9rhet\u0151: <\/em>10.30-13.00<\/span><\/p>\t\t\t\t\t<\/div>\n\t\t\t\t\t\t<\/div>\n\t\t\t\t<\/div>\n\t\t\t\t\t\t<\/div>\n\t\t\t\t\t<\/div>\n\t\t<\/div>\n\t\t\t\t\t\t\t\t<\/div>\n\t\t\t\t\t<\/div>\n\t\t<\/section>\n\t\t\t\t<section class=\"elementor-section elementor-top-section elementor-element elementor-element-ee05100 elementor-section-boxed elementor-section-height-default elementor-section-height-default\" data-id=\"ee05100\" data-element_type=\"section\">\n\t\t\t\t\t\t<div class=\"elementor-container elementor-column-gap-default\">\n\t\t\t\t\t\t\t<div class=\"elementor-row\">\n\t\t\t\t\t<div class=\"elementor-column elementor-col-100 elementor-top-column elementor-element elementor-element-f4d4e97\" data-id=\"f4d4e97\" data-element_type=\"column\">\n\t\t\t<div class=\"elementor-column-wrap elementor-element-populated\">\n\t\t\t\t\t\t\t<div class=\"elementor-widget-wrap\">\n\t\t\t\t\t\t<div class=\"elementor-element elementor-element-013b745 elementor-widget elementor-widget-google_maps\" data-id=\"013b745\" data-element_type=\"widget\" data-widget_type=\"google_maps.default\">\n\t\t\t\t<div class=\"elementor-widget-container\">\n\t\t\t\t\t<div class=\"elementor-custom-embed\">\n\t\t\t<iframe frameborder=\"0\" scrolling=\"no\" marginheight=\"0\" marginwidth=\"0\"\n\t\t\t\t\tsrc=\"https:\/\/maps.google.com\/maps?q=Abda%20Szent%20Imre%20utca%202.%20&#038;t=m&#038;z=10&#038;output=embed&#038;iwloc=near\"\n\t\t\t\t\ttitle=\"Abda Szent Imre utca 2. \"\n\t\t\t\t\taria-label=\"Abda Szent Imre utca 2. \"\n\t\t\t><\/iframe>\n\t\t<\/div>\n\t\t\t\t<\/div>\n\t\t\t\t<\/div>\n\t\t\t\t\t\t<\/div>\n\t\t\t\t\t<\/div>\n\t\t<\/div>\n\t\t\t\t\t\t\t\t<\/div>\n\t\t\t\t\t<\/div>\n\t\t<\/section>\n\t\t\t\t\t\t\t\t\t<\/div>\n\t\t\t<\/div>\n\t\t\t\t\t<\/div>\n\t\t","protected":false},"excerpt":{"rendered":"<div class=\"mh-excerpt\"><p>M\u00e9zeskal\u00e1cs K\u00f6rzeti Napk\u00f6zi Otthonos \u00d3voda \u00e9s B\u00f6lcs\u0151de 9151 Abda Szent Imre utca 2. Telefon: 06-96\/350-349E-mail: \u00a0ovoda@abda.hu F\u0151igazgat\u00f3: Nagyn\u00e9 Szekeres M\u00e1rtaEl\u00e9rhet\u0151: 9.00-14.00 \u00f3r\u00e1ig F\u0151igazgat\u00f3 helyettes: Sink\u00f3n\u00e9 <a class=\"mh-excerpt-more\" href=\"https:\/\/www.mezeskalacs-ovoda.hu\/?page_id=617\" title=\"Kapcsolat\">[&#8230;]<\/a><\/p>\n<\/div>","protected":false},"author":1,"featured_media":0,"parent":0,"menu_order":0,"comment_status":"open","ping_status":"open","template":"","meta":[],"_links":{"self":[{"href":"https:\/\/www.mezeskalacs-ovoda.hu\/index.php?rest_route=\/wp\/v2\/pages\/617"}],"collection":[{"href":"https:\/\/www.mezeskalacs-ovoda.hu\/index.php?rest_route=\/wp\/v2\/pages"}],"about":[{"href":"https:\/\/www.mezeskalacs-ovoda.hu\/index.php?rest_route=\/wp\/v2\/types\/page"}],"author":[{"embeddable":true,"href":"https:\/\/www.mezeskalacs-ovoda.hu\/index.php?rest_route=\/wp\/v2\/users\/1"}],"replies":[{"embeddable":true,"href":"https:\/\/www.mezeskalacs-ovoda.hu\/index.php?rest_route=%2Fwp%2Fv2%2Fcomments&post=617"}],"version-history":[{"count":41,"href":"https:\/\/www.mezeskalacs-ovoda.hu\/index.php?rest_route=\/wp\/v2\/pages\/617\/revisions"}],"predecessor-version":[{"id":2903,"href":"https:\/\/www.mezeskalacs-ovoda.hu\/index.php?rest_route=\/wp\/v2\/pages\/617\/revisions\/2903"}],"wp:attachment":[{"href":"https:\/\/www.mezeskalacs-ovoda.hu\/index.php?rest_route=%2Fwp%2Fv2%2Fmedia&parent=617"}],"curies":[{"name":"wp","href":"https:\/\/api.w.org\/{rel}","templated":true}]}}