{"id":588,"date":"2015-03-03T15:10:32","date_gmt":"2015-03-03T15:10:32","guid":{"rendered":"http:\/\/www.ovoda.abdaiak.hu\/?page_id=588"},"modified":"2026-04-07T17:05:12","modified_gmt":"2026-04-07T17:05:12","slug":"aktualis-esemenyek-bolcsi","status":"publish","type":"page","link":"https:\/\/www.mezeskalacs-ovoda.hu\/?page_id=588","title":{"rendered":"Aktu\u00e1lis esem\u00e9nyek (b\u00f6lcsi)"},"content":{"rendered":"\t\t<div data-elementor-type=\"wp-page\" data-elementor-id=\"588\" class=\"elementor elementor-588\">\n\t\t\t\t\t\t<div class=\"elementor-inner\">\n\t\t\t\t<div class=\"elementor-section-wrap\">\n\t\t\t\t\t\t\t\t\t<section class=\"elementor-section elementor-top-section elementor-element elementor-element-2187d840 elementor-section-boxed elementor-section-height-default elementor-section-height-default\" data-id=\"2187d840\" data-element_type=\"section\">\n\t\t\t\t\t\t<div class=\"elementor-container elementor-column-gap-default\">\n\t\t\t\t\t\t\t<div class=\"elementor-row\">\n\t\t\t\t\t<div class=\"elementor-column elementor-col-100 elementor-top-column elementor-element elementor-element-24ab4eaa\" data-id=\"24ab4eaa\" data-element_type=\"column\">\n\t\t\t<div class=\"elementor-column-wrap elementor-element-populated\">\n\t\t\t\t\t\t\t<div class=\"elementor-widget-wrap\">\n\t\t\t\t\t\t<div class=\"elementor-element elementor-element-3e79aa48 elementor-widget elementor-widget-text-editor\" data-id=\"3e79aa48\" data-element_type=\"widget\" data-widget_type=\"text-editor.default\">\n\t\t\t\t<div class=\"elementor-widget-container\">\n\t\t\t\t\t\t\t\t<div class=\"elementor-text-editor elementor-clearfix\">\n\t\t\t\t<p><strong>T\u00c1J\u00c9KOZTAT\u00d3 AZ \u00d3VODAI \u00c9S B\u00d6LCS\u0150DEI FELV\u00c9TELI ELJ\u00c1R\u00c1SRENDR\u0150L<\/strong><\/p><p><strong>\u00a0<\/strong><\/p><p><strong>Tisztelt Sz\u00fcl\u0151k!<\/strong><\/p><p><strong>\u00a0<\/strong><\/p><p>Els\u0151dleges c\u00e9lunk, hogy valamennyi beiratkozott gyermek sz\u00e1m\u00e1ra biztos\u00edtani tudjuk az \u00f3vodai \u00e9s b\u00f6lcs\u0151dei elhelyez\u00e9st.<\/p><p>Az <strong>\u00f3vodai nevel\u00e9s<\/strong> a gyermek 2,5 \u00e9ves kor\u00e1t\u00f3l kezd\u0151dhet, \u00e9s az iskol\u00e1ba j\u00e1r\u00e1shoz sz\u00fcks\u00e9ges fejletts\u00e9g el\u00e9r\u00e9s\u00e9ig tart. A nemzeti k\u00f6znevel\u00e9sr\u0151l sz\u00f3l\u00f3 2011. \u00e9vi CXC. t\u00f6rv\u00e9ny (a tov\u00e1bbiakban: Nkt.) kimondja, hogy a gyermek abban az \u00e9vben, amelynek augusztus 31. napj\u00e1ig a harmadik \u00e9let\u00e9v\u00e9t bet\u00f6lti, a nevel\u00e9si \u00e9v kezd\u0151 napj\u00e1t\u00f3l legal\u00e1bb napi n\u00e9gy \u00f3r\u00e1ban \u00f3vodai foglalkoz\u00e1son vesz r\u00e9szt.<\/p><p>A sz\u00fcl\u0151 \u2013 t\u00e1rgy\u00e9v \u00e1prilis 15. napj\u00e1ig a j\u00e1r\u00e1si korm\u00e1nyhivatalhoz beny\u00fajtott \u2013 k\u00e9relme alapj\u00e1n a gyermek jogos \u00e9rdek\u00e9t szem el\u0151tt tartva, annak az \u00e9vnek az augusztus 31. napj\u00e1ig, amelyben a gyermek a negyedik \u00e9let\u00e9v\u00e9t bet\u00f6lti, <strong>felmentheti <\/strong>az \u00f3vodai foglalkoz\u00e1son val\u00f3 r\u00e9szv\u00e9tel al\u00f3l, k\u00fcl\u00f6n\u00f6s m\u00e9lt\u00e1nyl\u00e1st \u00e9rdeml\u0151 esetben, \u00fajabb k\u00e9relem alapj\u00e1n annak az \u00e9vnek az augusztus 31. napj\u00e1ig, amelyben a gyermek az \u00f6t\u00f6dik \u00e9let\u00e9v\u00e9t bet\u00f6lti a Korm\u00e1ny rendelet\u00e9ben kijel\u00f6lt szerv \u00a0felmentheti az \u00f3vodai foglalkoz\u00e1son val\u00f3 r\u00e9szv\u00e9tel al\u00f3l, ha a gyermek csal\u00e1di k\u00f6r\u00fclm\u00e9nyei, saj\u00e1tos helyzete indokolja. Ha az elj\u00e1r\u00e1sban szak\u00e9rt\u0151t kell meghallgatni, csak az \u00f3vodavezet\u0151 vagy a v\u00e9d\u0151n\u0151, tov\u00e1bb\u00e1 tart\u00f3s gy\u00f3gykezel\u00e9s alatt \u00e1ll\u00f3 gyermek eset\u00e9ben az E\u00fctv. 89. \u00a7-a szerinti \u00e1ltal\u00e1nos j\u00e1r\u00f3beteg-szakell\u00e1t\u00e1sban, vagy az E\u00fctv. 91. \u00a7-a szerinti \u00e1ltal\u00e1nos fekv\u0151beteg-szakell\u00e1t\u00e1sban r\u00e9szt vev\u0151 szakorvos rendelhet\u0151 ki. Tart\u00f3s gy\u00f3gykezel\u00e9s alatt \u00e1ll\u00f3 gyermek eset\u00e9ben a k\u00e9relem a t\u00e1rgy\u00e9v \u00e1prilis 15. napja ut\u00e1n is beny\u00fajthat\u00f3.<\/p><p>A sz\u00fcl\u0151 az \u00f3vodai nevel\u00e9sben t\u00f6rt\u00e9n\u0151 r\u00e9szv\u00e9telre jogszab\u00e1ly alapj\u00e1n k\u00f6telezett gyermek\u00e9t k\u00f6teles be\u00edratni a hirdetm\u00e9nyben meghat\u00e1rozott id\u0151pontban.<\/p><p>\u00d3vodak\u00f6teles gyermek eset\u00e9ben a nevel\u00e9si-oktat\u00e1si int\u00e9zm\u00e9nyek m\u0171k\u00f6d\u00e9s\u00e9r\u0151l \u00e9s a k\u00f6znevel\u00e9si int\u00e9zm\u00e9nyek n\u00e9vhaszn\u00e1lat\u00e1r\u00f3l sz\u00f3l\u00f3 20\/2012. (VIII. 31.) EMMI rendelet 20. \u00a7 (2) bekezd\u00e9se alapj\u00e1n a napi n\u00e9gy \u00f3r\u00e1ban \u00f3vodai nevel\u00e9sre k\u00f6telezett gyermek sz\u00fcl\u0151je, ha gyermeke az \u00f3vodak\u00f6telezetts\u00e9g\u00e9t <strong>k\u00fclf\u00f6ld\u00f6n teljes\u00edti,<\/strong> k\u00f6teles arr\u00f3l a beiratkoz\u00e1s idej\u00e9nek utols\u00f3 hat\u00e1rnapj\u00e1t k\u00f6vet\u0151 tizen\u00f6t napon bel\u00fcl \u00edr\u00e1sban \u00e9rtes\u00edteni az Oktat\u00e1si Hivatalt. A napi n\u00e9gy \u00f3r\u00e1ban \u00f3vodai nevel\u00e9sre k\u00f6telezett, az \u00f3vod\u00e1val jogviszonyban \u00e1ll\u00f3 gyermek sz\u00fcl\u0151je, ha gyermeke az \u00f3vodak\u00f6telezetts\u00e9g\u00e9t a j\u00f6v\u0151ben k\u00fclf\u00f6ld\u00f6n teljes\u00edti, el\u0151zetesen k\u00f6teles \u00e9rtes\u00edteni az \u00f3vodavezet\u0151t.<\/p><p>A k\u00f6telez\u0151 felv\u00e9telt biztos\u00edt\u00f3 \u00f3voda vezet\u0151je az Nkt. 45. \u00a7 (10) bekezd\u00e9se szerint megk\u00fcld\u00f6tt nyilv\u00e1ntart\u00e1s alapj\u00e1n \u00e9rtes\u00edti a gyermek lak\u00f3helye, ennek hi\u00e1ny\u00e1ban tart\u00f3zkod\u00e1si helye szerint illet\u00e9kes telep\u00fcl\u00e9si \u00f6nkorm\u00e1nyzat jegyz\u0151j\u00e9t, ha a gyermeket az \u00f3vod\u00e1ba nem \u00edratt\u00e1k be.<\/p><p>Az \u00f3vodai felv\u00e9telr\u0151l, \u00e1tv\u00e9telr\u0151l az \u00f3voda vezet\u0151je d\u00f6nt.<\/p><p>A <strong>2,5 \u00e9ves gyermekek csak abban az esetben vehet\u0151k fel, amennyiben m\u00e1r minden 3 \u00e9ves \u00e9s ann\u00e1l id\u0151sebb, a k\u00f6rzetben lak\u00f3hellyel, vagy annak hi\u00e1ny\u00e1ban tart\u00f3zkod\u00e1si hellyel rendelkez\u0151 gyermek \u00f3vodai elhelyez\u00e9se megt\u00f6rt\u00e9nt.<\/strong><\/p><p>A jelentkez\u00e9st k\u00f6vet\u0151en a gyermekek felv\u00e9tel\u00e9r\u0151l az adott int\u00e9zm\u00e9ny igazgat\u00f3ja d\u00f6nt\u00e9st hoz.<\/p><p>Az igazgat\u00f3 a felv\u00e9teli, \u00e1tv\u00e9teli k\u00e9relemnek helyt ad\u00f3 d\u00f6nt\u00e9s\u00e9t \u00e9s az esetleges k\u00e9relem elutas\u00edt\u00e1s\u00e1ra vonatkoz\u00f3 d\u00f6nt\u00e9s\u00e9t \u00edr\u00e1sban k\u00f6zli a sz\u00fcl\u0151vel, legk\u00e9s\u0151bb 2025. m\u00e1jus 31-ig.<\/p><p>Az \u00f3vod\u00e1ba felvett gyermekek csoportba val\u00f3 beoszt\u00e1s\u00e1r\u00f3l az \u00f3vodavezet\u0151 d\u00f6nt.<\/p><p><strong>B\u00f6lcs\u0151d\u00e9be felvehet\u0151<\/strong>: minden olyan kisgyermek, akinek sz\u00fclei, nevel\u0151i, gondoz\u00f3i valamilyen ok miatt nem tudj\u00e1k biztos\u00edtani a napk\u00f6zbeni ell\u00e1t\u00e1st, akinek sz\u00fcl\u0151je, vagy m\u00e1s t\u00f6rv\u00e9nyes k\u00e9pvisel\u0151je igazolja, hogy munkaviszonyban vagy munkav\u00e9gz\u00e9sre ir\u00e1nyul\u00f3 egy\u00e9b jogviszonyban \u00e1ll, valamint el\u0151nyben kell r\u00e9szes\u00edteni a felv\u00e9teli elj\u00e1r\u00e1s sor\u00e1n azon kisgyermeket, akinek szoci\u00e1lis vagy egy\u00e9b ok miatt eg\u00e9szs\u00e9ges fejl\u0151d\u00e9se \u00e9rdek\u00e9ben sz\u00fcks\u00e9ges a b\u00f6lcs\u0151dei nevel\u00e9s, gondoz\u00e1s.<\/p>\t\t\t\t\t<\/div>\n\t\t\t\t\t\t<\/div>\n\t\t\t\t<\/div>\n\t\t\t\t\t\t<\/div>\n\t\t\t\t\t<\/div>\n\t\t<\/div>\n\t\t\t\t\t\t\t\t<\/div>\n\t\t\t\t\t<\/div>\n\t\t<\/section>\n\t\t\t\t<section class=\"elementor-section elementor-top-section elementor-element elementor-element-9591f50 elementor-section-boxed elementor-section-height-default elementor-section-height-default\" data-id=\"9591f50\" data-element_type=\"section\">\n\t\t\t\t\t\t<div class=\"elementor-container elementor-column-gap-default\">\n\t\t\t\t\t\t\t<div class=\"elementor-row\">\n\t\t\t\t\t<div class=\"elementor-column elementor-col-50 elementor-top-column elementor-element elementor-element-4dd12c6\" data-id=\"4dd12c6\" data-element_type=\"column\">\n\t\t\t<div class=\"elementor-column-wrap elementor-element-populated\">\n\t\t\t\t\t\t\t<div class=\"elementor-widget-wrap\">\n\t\t\t\t\t\t<div class=\"elementor-element elementor-element-cc749df elementor-widget elementor-widget-image\" data-id=\"cc749df\" data-element_type=\"widget\" data-widget_type=\"image.default\">\n\t\t\t\t<div class=\"elementor-widget-container\">\n\t\t\t\t\t\t\t\t<div class=\"elementor-image\">\n\t\t\t\t\t\t\t\t\t\t\t\t<img width=\"612\" height=\"887\" src=\"https:\/\/www.mezeskalacs-ovoda.hu\/wp-content\/uploads\/2026\/04\/Meghivo-bemutatkozas.png\" class=\"attachment-large size-large\" alt=\"\" loading=\"lazy\" srcset=\"https:\/\/www.mezeskalacs-ovoda.hu\/wp-content\/uploads\/2026\/04\/Meghivo-bemutatkozas.png 612w, https:\/\/www.mezeskalacs-ovoda.hu\/wp-content\/uploads\/2026\/04\/Meghivo-bemutatkozas-207x300.png 207w\" sizes=\"(max-width: 612px) 100vw, 612px\" \/>\t\t\t\t\t\t\t\t\t\t\t\t\t\t<\/div>\n\t\t\t\t\t\t<\/div>\n\t\t\t\t<\/div>\n\t\t\t\t\t\t<\/div>\n\t\t\t\t\t<\/div>\n\t\t<\/div>\n\t\t\t\t<div class=\"elementor-column elementor-col-50 elementor-top-column elementor-element elementor-element-35e5041\" data-id=\"35e5041\" data-element_type=\"column\">\n\t\t\t<div class=\"elementor-column-wrap elementor-element-populated\">\n\t\t\t\t\t\t\t<div class=\"elementor-widget-wrap\">\n\t\t\t\t\t\t<div class=\"elementor-element elementor-element-daf63ff elementor-widget elementor-widget-image\" data-id=\"daf63ff\" data-element_type=\"widget\" data-widget_type=\"image.default\">\n\t\t\t\t<div class=\"elementor-widget-container\">\n\t\t\t\t\t\t\t\t<div class=\"elementor-image\">\n\t\t\t\t\t\t\t\t\t\t\t\t<img width=\"607\" height=\"887\" src=\"https:\/\/www.mezeskalacs-ovoda.hu\/wp-content\/uploads\/2026\/04\/Beiratkozas-.png\" class=\"attachment-large size-large\" alt=\"\" loading=\"lazy\" srcset=\"https:\/\/www.mezeskalacs-ovoda.hu\/wp-content\/uploads\/2026\/04\/Beiratkozas-.png 607w, https:\/\/www.mezeskalacs-ovoda.hu\/wp-content\/uploads\/2026\/04\/Beiratkozas--205x300.png 205w\" sizes=\"(max-width: 607px) 100vw, 607px\" \/>\t\t\t\t\t\t\t\t\t\t\t\t\t\t<\/div>\n\t\t\t\t\t\t<\/div>\n\t\t\t\t<\/div>\n\t\t\t\t\t\t<\/div>\n\t\t\t\t\t<\/div>\n\t\t<\/div>\n\t\t\t\t\t\t\t\t<\/div>\n\t\t\t\t\t<\/div>\n\t\t<\/section>\n\t\t\t\t<section class=\"elementor-section elementor-top-section elementor-element elementor-element-18f5daa elementor-section-boxed elementor-section-height-default elementor-section-height-default\" data-id=\"18f5daa\" data-element_type=\"section\">\n\t\t\t\t\t\t<div class=\"elementor-container elementor-column-gap-default\">\n\t\t\t\t\t\t\t<div class=\"elementor-row\">\n\t\t\t\t\t<div class=\"elementor-column elementor-col-100 elementor-top-column elementor-element elementor-element-4d0db65\" data-id=\"4d0db65\" data-element_type=\"column\">\n\t\t\t<div class=\"elementor-column-wrap elementor-element-populated\">\n\t\t\t\t\t\t\t<div class=\"elementor-widget-wrap\">\n\t\t\t\t\t\t<div class=\"elementor-element elementor-element-1b39546 elementor-widget elementor-widget-button\" data-id=\"1b39546\" data-element_type=\"widget\" data-widget_type=\"button.default\">\n\t\t\t\t<div class=\"elementor-widget-container\">\n\t\t\t\t\t<div class=\"elementor-button-wrapper\">\n\t\t\t<a href=\"http:\/\/www.mezeskalacs-ovoda.hu\/wp-content\/uploads\/2026\/04\/Bolcsodei-jelentkezesi-lap.pdf\" class=\"elementor-button-link elementor-button elementor-size-sm\" role=\"button\">\n\t\t\t\t\t\t<span class=\"elementor-button-content-wrapper\">\n\t\t\t\t\t\t<span class=\"elementor-button-text\">B\u00f6lcs\u0151dei jelentkez\u00e9si lap<\/span>\n\t\t<\/span>\n\t\t\t\t\t<\/a>\n\t\t<\/div>\n\t\t\t\t<\/div>\n\t\t\t\t<\/div>\n\t\t\t\t\t\t<\/div>\n\t\t\t\t\t<\/div>\n\t\t<\/div>\n\t\t\t\t\t\t\t\t<\/div>\n\t\t\t\t\t<\/div>\n\t\t<\/section>\n\t\t\t\t\t\t\t\t\t<\/div>\n\t\t\t<\/div>\n\t\t\t\t\t<\/div>\n\t\t","protected":false},"excerpt":{"rendered":"<div class=\"mh-excerpt\"><p>T\u00c1J\u00c9KOZTAT\u00d3 AZ \u00d3VODAI \u00c9S B\u00d6LCS\u0150DEI FELV\u00c9TELI ELJ\u00c1R\u00c1SRENDR\u0150L \u00a0 Tisztelt Sz\u00fcl\u0151k! \u00a0 Els\u0151dleges c\u00e9lunk, hogy valamennyi beiratkozott gyermek sz\u00e1m\u00e1ra biztos\u00edtani tudjuk az \u00f3vodai \u00e9s b\u00f6lcs\u0151dei elhelyez\u00e9st. <a class=\"mh-excerpt-more\" href=\"https:\/\/www.mezeskalacs-ovoda.hu\/?page_id=588\" title=\"Aktu\u00e1lis esem\u00e9nyek (b\u00f6lcsi)\">[&#8230;]<\/a><\/p>\n<\/div>","protected":false},"author":1,"featured_media":0,"parent":0,"menu_order":0,"comment_status":"open","ping_status":"open","template":"","meta":[],"_links":{"self":[{"href":"https:\/\/www.mezeskalacs-ovoda.hu\/index.php?rest_route=\/wp\/v2\/pages\/588"}],"collection":[{"href":"https:\/\/www.mezeskalacs-ovoda.hu\/index.php?rest_route=\/wp\/v2\/pages"}],"about":[{"href":"https:\/\/www.mezeskalacs-ovoda.hu\/index.php?rest_route=\/wp\/v2\/types\/page"}],"author":[{"embeddable":true,"href":"https:\/\/www.mezeskalacs-ovoda.hu\/index.php?rest_route=\/wp\/v2\/users\/1"}],"replies":[{"embeddable":true,"href":"https:\/\/www.mezeskalacs-ovoda.hu\/index.php?rest_route=%2Fwp%2Fv2%2Fcomments&post=588"}],"version-history":[{"count":106,"href":"https:\/\/www.mezeskalacs-ovoda.hu\/index.php?rest_route=\/wp\/v2\/pages\/588\/revisions"}],"predecessor-version":[{"id":2930,"href":"https:\/\/www.mezeskalacs-ovoda.hu\/index.php?rest_route=\/wp\/v2\/pages\/588\/revisions\/2930"}],"wp:attachment":[{"href":"https:\/\/www.mezeskalacs-ovoda.hu\/index.php?rest_route=%2Fwp%2Fv2%2Fmedia&parent=588"}],"curies":[{"name":"wp","href":"https:\/\/api.w.org\/{rel}","templated":true}]}}