{"id":579,"date":"2015-03-03T15:07:23","date_gmt":"2015-03-03T15:07:23","guid":{"rendered":"http:\/\/www.ovoda.abdaiak.hu\/?page_id=579"},"modified":"2023-11-03T12:02:48","modified_gmt":"2023-11-03T12:02:48","slug":"katica-csoport","status":"publish","type":"page","link":"https:\/\/www.mezeskalacs-ovoda.hu\/?page_id=579","title":{"rendered":"Katica csoport"},"content":{"rendered":"\t\t<div data-elementor-type=\"wp-page\" data-elementor-id=\"579\" class=\"elementor elementor-579\">\n\t\t\t\t\t\t<div class=\"elementor-inner\">\n\t\t\t\t<div class=\"elementor-section-wrap\">\n\t\t\t\t\t\t\t\t\t<section class=\"elementor-section elementor-top-section elementor-element elementor-element-5c669d04 elementor-section-boxed elementor-section-height-default elementor-section-height-default\" data-id=\"5c669d04\" data-element_type=\"section\">\n\t\t\t\t\t\t<div class=\"elementor-container elementor-column-gap-default\">\n\t\t\t\t\t\t\t<div class=\"elementor-row\">\n\t\t\t\t\t<div class=\"elementor-column elementor-col-100 elementor-top-column elementor-element elementor-element-531dd85b\" data-id=\"531dd85b\" data-element_type=\"column\">\n\t\t\t<div class=\"elementor-column-wrap elementor-element-populated\">\n\t\t\t\t\t\t\t<div class=\"elementor-widget-wrap\">\n\t\t\t\t\t\t<div class=\"elementor-element elementor-element-6a225fc4 elementor-widget elementor-widget-text-editor\" data-id=\"6a225fc4\" data-element_type=\"widget\" data-widget_type=\"text-editor.default\">\n\t\t\t\t<div class=\"elementor-widget-container\">\n\t\t\t\t\t\t\t\t<div class=\"elementor-text-editor elementor-clearfix\">\n\t\t\t\t<p><a href=\"http:\/\/www.mezeskalacs-ovoda.hu\/wp-content\/uploads\/2015\/03\/katica-csoport.jpg\"><img loading=\"lazy\" class=\"alignnone size-thumbnail wp-image-610\" style=\"float: left;\" src=\"http:\/\/www.mezeskalacs-ovoda.hu\/wp-content\/uploads\/2015\/03\/katica-csoport-150x150.jpg\" alt=\"katica csoport\" width=\"150\" height=\"150\" srcset=\"https:\/\/www.mezeskalacs-ovoda.hu\/wp-content\/uploads\/2015\/03\/katica-csoport-150x150.jpg 150w, https:\/\/www.mezeskalacs-ovoda.hu\/wp-content\/uploads\/2015\/03\/katica-csoport.jpg 225w\" sizes=\"(max-width: 150px) 100vw, 150px\" \/><\/a><\/p>\n<p>G<span style=\"font-size: 14px;\"><span style=\"font-family: georgia,serif;\">ondoz\u00f3 n\u00e9nik: <span style=\"font-size: 16px;\">Mark\u00f3 Kriszti\u00e1nn\u00e9 (Eszti n\u00e9ni)<\/span><\/span><\/span><\/p>\n<p><span style=\"font-size: 14px;\"><span style=\"font-family: georgia,serif;\"><span style=\"font-size: 16px;\">\u00a0\u00a0\u00a0\u00a0\u00a0\u00a0\u00a0\u00a0\u00a0\u00a0\u00a0\u00a0\u00a0\u00a0\u00a0\u00a0\u00a0\u00a0\u00a0\u00a0\u00a0\u00a0\u00a0\u00a0\u00a0\u00a0 S\u00e1h\u00f3-Felhoffer Linda<br \/><\/span><\/span><\/span><\/p>\n<p><span style=\"font-size: 14px;\"><span style=\"font-family: georgia,serif;\">\u00a0\u00a0\u00a0 \u00a0 Dajka n\u00e9ni:<span style=\"font-size: 16px;\"> Kov\u00e1csicsn\u00e9 Horv\u00e1th Eszter<\/span><\/span><\/span><\/p>\n<p>A katica-csoport f\u00e9r\u0151helyeinek a sz\u00e1ma 14 f\u0151. A csoport \u00f6sszet\u00e9tele szerint nagycsoport, a 2 \u00e9vest\u0151l \u2013 3,5 \u00e9ves kisgyermekig.<br \/>A nagycsoportos katic\u00e1sok sz\u00edvesen r\u00e9szt vesznek a foglalkoz\u00e1skezdem\u00e9nyez\u00e9seken, \u00e9rdekli \u0151ket a k\u00f6r\u00fcl\u00f6tt\u00fck l\u00e9v\u0151 vil\u00e1g. Szeretik a nagy mozg\u00e1sos j\u00e1t\u00e9kokat (cs\u00faszda, hinta, stb.), egyre ink\u00e1bb \u00e9lvezik a b\u00f6lcs\u0151dei \u00e9letk\u00f6z\u00f6ss\u00e9get. Sokat fejl\u0151dnek az \u00f6n\u00e1ll\u00f3s\u00e1g \u00e9s \u00e9rtelem ter\u00e9n. Az \u0151szi id\u0151j\u00e1r\u00e1s bek\u00f6sz\u00f6nt\u00e9vel kevesebb id\u0151t tart\u00f3zkodunk az udvaron. Ha az id\u0151 engedi, faleveleket gy\u0171jt\u00fcnk, r\u00e9szt vesz\u00fcnk az \u0151szi vir\u00e1g\u00fcltet\u00e9sben.<\/p>\n<p><a href=\"http:\/\/www.mezeskalacs-ovoda.hu\/?attachment_id=2470\" rel=\"attachment wp-att-2470\"><img loading=\"lazy\" class=\"alignnone size-large wp-image-2470\" src=\"http:\/\/www.mezeskalacs-ovoda.hu\/wp-content\/uploads\/2023\/11\/380752517_294736756612118_2318261144242705471_n-1024x768.jpg\" alt=\"\" width=\"1024\" height=\"768\" srcset=\"https:\/\/www.mezeskalacs-ovoda.hu\/wp-content\/uploads\/2023\/11\/380752517_294736756612118_2318261144242705471_n-1024x768.jpg 1024w, https:\/\/www.mezeskalacs-ovoda.hu\/wp-content\/uploads\/2023\/11\/380752517_294736756612118_2318261144242705471_n-300x225.jpg 300w, https:\/\/www.mezeskalacs-ovoda.hu\/wp-content\/uploads\/2023\/11\/380752517_294736756612118_2318261144242705471_n-768x576.jpg 768w, https:\/\/www.mezeskalacs-ovoda.hu\/wp-content\/uploads\/2023\/11\/380752517_294736756612118_2318261144242705471_n-1536x1152.jpg 1536w, https:\/\/www.mezeskalacs-ovoda.hu\/wp-content\/uploads\/2023\/11\/380752517_294736756612118_2318261144242705471_n-678x509.jpg 678w, https:\/\/www.mezeskalacs-ovoda.hu\/wp-content\/uploads\/2023\/11\/380752517_294736756612118_2318261144242705471_n-326x245.jpg 326w, https:\/\/www.mezeskalacs-ovoda.hu\/wp-content\/uploads\/2023\/11\/380752517_294736756612118_2318261144242705471_n-80x60.jpg 80w, https:\/\/www.mezeskalacs-ovoda.hu\/wp-content\/uploads\/2023\/11\/380752517_294736756612118_2318261144242705471_n.jpg 2048w\" sizes=\"(max-width: 1024px) 100vw, 1024px\" \/><\/a><\/p>\n<!-- wp:paragraph -->\n<p>\u00a0<\/p>\n<!-- \/wp:paragraph -->\t\t\t\t\t<\/div>\n\t\t\t\t\t\t<\/div>\n\t\t\t\t<\/div>\n\t\t\t\t\t\t<\/div>\n\t\t\t\t\t<\/div>\n\t\t<\/div>\n\t\t\t\t\t\t\t\t<\/div>\n\t\t\t\t\t<\/div>\n\t\t<\/section>\n\t\t\t\t\t\t\t\t\t<\/div>\n\t\t\t<\/div>\n\t\t\t\t\t<\/div>\n\t\t","protected":false},"excerpt":{"rendered":"<div class=\"mh-excerpt\"><p>Gondoz\u00f3 n\u00e9nik: Mark\u00f3 Kriszti\u00e1nn\u00e9 (Eszti n\u00e9ni) \u00a0\u00a0\u00a0\u00a0\u00a0\u00a0\u00a0\u00a0\u00a0\u00a0\u00a0\u00a0\u00a0\u00a0\u00a0\u00a0\u00a0\u00a0\u00a0\u00a0\u00a0\u00a0\u00a0\u00a0\u00a0\u00a0 S\u00e1h\u00f3-Felhoffer Linda \u00a0\u00a0\u00a0 \u00a0 Dajka n\u00e9ni: Kov\u00e1csicsn\u00e9 Horv\u00e1th Eszter A katica-csoport f\u00e9r\u0151helyeinek a sz\u00e1ma 14 f\u0151. A csoport <a class=\"mh-excerpt-more\" href=\"https:\/\/www.mezeskalacs-ovoda.hu\/?page_id=579\" title=\"Katica csoport\">[&#8230;]<\/a><\/p>\n<\/div>","protected":false},"author":1,"featured_media":0,"parent":0,"menu_order":0,"comment_status":"open","ping_status":"open","template":"","meta":[],"_links":{"self":[{"href":"https:\/\/www.mezeskalacs-ovoda.hu\/index.php?rest_route=\/wp\/v2\/pages\/579"}],"collection":[{"href":"https:\/\/www.mezeskalacs-ovoda.hu\/index.php?rest_route=\/wp\/v2\/pages"}],"about":[{"href":"https:\/\/www.mezeskalacs-ovoda.hu\/index.php?rest_route=\/wp\/v2\/types\/page"}],"author":[{"embeddable":true,"href":"https:\/\/www.mezeskalacs-ovoda.hu\/index.php?rest_route=\/wp\/v2\/users\/1"}],"replies":[{"embeddable":true,"href":"https:\/\/www.mezeskalacs-ovoda.hu\/index.php?rest_route=%2Fwp%2Fv2%2Fcomments&post=579"}],"version-history":[{"count":34,"href":"https:\/\/www.mezeskalacs-ovoda.hu\/index.php?rest_route=\/wp\/v2\/pages\/579\/revisions"}],"predecessor-version":[{"id":2477,"href":"https:\/\/www.mezeskalacs-ovoda.hu\/index.php?rest_route=\/wp\/v2\/pages\/579\/revisions\/2477"}],"wp:attachment":[{"href":"https:\/\/www.mezeskalacs-ovoda.hu\/index.php?rest_route=%2Fwp%2Fv2%2Fmedia&parent=579"}],"curies":[{"name":"wp","href":"https:\/\/api.w.org\/{rel}","templated":true}]}}