{"id":561,"date":"2015-03-03T14:46:36","date_gmt":"2015-03-03T14:46:36","guid":{"rendered":"http:\/\/www.ovoda.abdaiak.hu\/?page_id=561"},"modified":"2026-02-25T07:53:07","modified_gmt":"2026-02-25T07:53:07","slug":"szolgaltatasok","status":"publish","type":"page","link":"https:\/\/www.mezeskalacs-ovoda.hu\/?page_id=561","title":{"rendered":"Szolg\u00e1ltat\u00e1sok"},"content":{"rendered":"\t\t<div data-elementor-type=\"wp-page\" data-elementor-id=\"561\" class=\"elementor elementor-561\">\n\t\t\t\t\t\t<div class=\"elementor-inner\">\n\t\t\t\t<div class=\"elementor-section-wrap\">\n\t\t\t\t\t\t\t\t\t<section class=\"elementor-section elementor-top-section elementor-element elementor-element-2a191282 elementor-section-boxed elementor-section-height-default elementor-section-height-default\" data-id=\"2a191282\" data-element_type=\"section\">\n\t\t\t\t\t\t<div class=\"elementor-container elementor-column-gap-default\">\n\t\t\t\t\t\t\t<div class=\"elementor-row\">\n\t\t\t\t\t<div class=\"elementor-column elementor-col-100 elementor-top-column elementor-element elementor-element-2ea2a1d1\" data-id=\"2ea2a1d1\" data-element_type=\"column\">\n\t\t\t<div class=\"elementor-column-wrap elementor-element-populated\">\n\t\t\t\t\t\t\t<div class=\"elementor-widget-wrap\">\n\t\t\t\t\t\t<div class=\"elementor-element elementor-element-13a0c342 elementor-widget elementor-widget-text-editor\" data-id=\"13a0c342\" data-element_type=\"widget\" data-widget_type=\"text-editor.default\">\n\t\t\t\t<div class=\"elementor-widget-container\">\n\t\t\t\t\t\t\t\t<div class=\"elementor-text-editor elementor-clearfix\">\n\t\t\t\t<p><strong><span style=\"font-size: 14px;\"><span style=\"font-family: georgia,serif;\">Sok \u00f3vodai \u00e9s \u00f3vod\u00e1n k\u00edv\u00fcli programot szervez\u00fcnk gyermekeinknek:<\/span><\/span><\/strong><\/p><ul><li><span style=\"font-size: 14px;\"><span style=\"font-family: georgia,serif;\">sz\u00ednh\u00e1z<\/span><\/span><\/li><li><span style=\"font-size: 14px;\"><span style=\"font-family: georgia,serif;\">hangverseny<\/span><\/span><\/li><li><span style=\"font-size: 14px;\"><span style=\"font-family: georgia,serif;\">kir\u00e1ndul\u00e1sok<\/span><\/span><\/li><li><span style=\"font-size: 14px;\"><span style=\"font-family: georgia,serif;\">sportnapok<\/span><\/span><\/li><li><span style=\"font-size: 14px;\"><span style=\"font-family: georgia,serif;\">eg\u00e9szs\u00e9gh\u00e9t<\/span><\/span><\/li><li><span style=\"font-size: 14px;\"><span style=\"font-family: georgia,serif;\">csal\u00e1di nap<\/span><\/span><\/li><\/ul><p><span style=\"font-size: 14px;\"><span style=\"font-family: georgia,serif;\">\u00d3vod\u00e1nkban a besz\u00e9djav\u00edt\u00e1st a r\u00e1szorul\u00f3 gyermekeknek <strong>logop\u00e9dus <\/strong>v\u00e9gzi.<\/span><\/span><br \/><span style=\"font-size: 14px;\"><span style=\"font-family: georgia,serif;\">A speci\u00e1lis fejleszt\u00e9st ig\u00e9nyl\u0151 gyermekekkel <strong>gy\u00f3gypedag\u00f3gusunk<\/strong> \u00e9s <strong>fejleszt\u0151 pedag\u00f3gusaink<\/strong> foglalkoznak, ezenk\u00edv\u00fcl <strong>Dinamikus Szenzoros Integr\u00e1ci\u00f3s Ter\u00e1pi\u00e1n<\/strong> is r\u00e9szt vehetnek.<br \/>A nagyobbak <strong>n\u00e9pt\u00e1ncra<\/strong> j\u00e1rhatnak. Ezek a sz\u00fcl\u0151knek nem jelentenek plusz anyagi terhet.<\/span><\/span><\/p><p><span style=\"font-size: 14px;\"><span style=\"font-family: georgia,serif;\">Minden tavasszal megszervezz\u00fck fenntart\u00f3nk t\u00e1mogat\u00e1s\u00e1val a nagy-k\u00f6z\u00e9ps\u0151s \u00e9s nagycsoportos gyermekeink <strong>\u00fasz\u00e1s <\/strong>oktat\u00e1s\u00e1t.<\/span><\/span><\/p><p>Az \u0151szi-t\u00e9li id\u0151szakban nagycsoportos gyermekinkkel csatlakozunk az OviKori programhoz a Gy\u00f6ri ETO HC \u00e9s a Gy\u0151ri J\u00e9gsport\u00e9rt Alap\u00edtv\u00e1ny j\u00f3volt\u00e1b\u00f3l.<\/p><p><span style=\"font-size: 14px;\"><span style=\"font-family: georgia,serif;\">\u00c9vek \u00f3ta sikeresek, \u00e9s ig\u00e9nylik a sz\u00fcl\u0151k, hogy gyermek\u00fck d\u00e9lut\u00e1n, \u201ek\u00fcl\u00f6n\u201d foglalkoz\u00e1son vegyen r\u00e9szt, kedv\u00fck, \u00e9rdekl\u0151d\u00e9s\u00fck, tehets\u00e9g\u00fck alapj\u00e1n:<\/span><\/span><\/p><ul><li><span style=\"font-family: georgia,serif;\"><span style=\"font-size: 14px;\">Zene-ovi<\/span><\/span><\/li><li><span style=\"font-family: georgia,serif;\"><span style=\"font-size: 14px;\">Gyermekj\u00f3ga<br \/><\/span><\/span><\/li><li><span style=\"font-family: georgia,serif;\"><span style=\"font-size: 14px;\">Karate<\/span><\/span><\/li><li><span style=\"font-family: georgia,serif;\"><span style=\"font-size: 14px;\">Mini-Sport<\/span><\/span><\/li><li>Mini-Balett<\/li><\/ul>\t\t\t\t\t<\/div>\n\t\t\t\t\t\t<\/div>\n\t\t\t\t<\/div>\n\t\t\t\t\t\t<\/div>\n\t\t\t\t\t<\/div>\n\t\t<\/div>\n\t\t\t\t\t\t\t\t<\/div>\n\t\t\t\t\t<\/div>\n\t\t<\/section>\n\t\t\t\t\t\t\t\t\t<\/div>\n\t\t\t<\/div>\n\t\t\t\t\t<\/div>\n\t\t","protected":false},"excerpt":{"rendered":"<div class=\"mh-excerpt\"><p>Sok \u00f3vodai \u00e9s \u00f3vod\u00e1n k\u00edv\u00fcli programot szervez\u00fcnk gyermekeinknek: sz\u00ednh\u00e1z hangverseny kir\u00e1ndul\u00e1sok sportnapok eg\u00e9szs\u00e9gh\u00e9t csal\u00e1di nap \u00d3vod\u00e1nkban a besz\u00e9djav\u00edt\u00e1st a r\u00e1szorul\u00f3 gyermekeknek logop\u00e9dus v\u00e9gzi.A speci\u00e1lis fejleszt\u00e9st <a class=\"mh-excerpt-more\" href=\"https:\/\/www.mezeskalacs-ovoda.hu\/?page_id=561\" title=\"Szolg\u00e1ltat\u00e1sok\">[&#8230;]<\/a><\/p>\n<\/div>","protected":false},"author":1,"featured_media":0,"parent":0,"menu_order":0,"comment_status":"open","ping_status":"open","template":"","meta":[],"_links":{"self":[{"href":"https:\/\/www.mezeskalacs-ovoda.hu\/index.php?rest_route=\/wp\/v2\/pages\/561"}],"collection":[{"href":"https:\/\/www.mezeskalacs-ovoda.hu\/index.php?rest_route=\/wp\/v2\/pages"}],"about":[{"href":"https:\/\/www.mezeskalacs-ovoda.hu\/index.php?rest_route=\/wp\/v2\/types\/page"}],"author":[{"embeddable":true,"href":"https:\/\/www.mezeskalacs-ovoda.hu\/index.php?rest_route=\/wp\/v2\/users\/1"}],"replies":[{"embeddable":true,"href":"https:\/\/www.mezeskalacs-ovoda.hu\/index.php?rest_route=%2Fwp%2Fv2%2Fcomments&post=561"}],"version-history":[{"count":16,"href":"https:\/\/www.mezeskalacs-ovoda.hu\/index.php?rest_route=\/wp\/v2\/pages\/561\/revisions"}],"predecessor-version":[{"id":2837,"href":"https:\/\/www.mezeskalacs-ovoda.hu\/index.php?rest_route=\/wp\/v2\/pages\/561\/revisions\/2837"}],"wp:attachment":[{"href":"https:\/\/www.mezeskalacs-ovoda.hu\/index.php?rest_route=%2Fwp%2Fv2%2Fmedia&parent=561"}],"curies":[{"name":"wp","href":"https:\/\/api.w.org\/{rel}","templated":true}]}}