{"id":1319,"date":"2016-06-08T19:03:59","date_gmt":"2016-06-08T19:03:59","guid":{"rendered":"http:\/\/\/www.mezeskalacs-ovoda.hu\/?page_id=1319"},"modified":"2024-09-27T10:35:49","modified_gmt":"2024-09-27T10:35:49","slug":"alapitvany","status":"publish","type":"page","link":"https:\/\/www.mezeskalacs-ovoda.hu\/?page_id=1319","title":{"rendered":"Alap\u00edtv\u00e1ny"},"content":{"rendered":"\t\t<div data-elementor-type=\"wp-page\" data-elementor-id=\"1319\" class=\"elementor elementor-1319\">\n\t\t\t\t\t\t<div class=\"elementor-inner\">\n\t\t\t\t<div class=\"elementor-section-wrap\">\n\t\t\t\t\t\t\t\t\t<section class=\"elementor-section elementor-top-section elementor-element elementor-element-11c8eed6 elementor-section-boxed elementor-section-height-default elementor-section-height-default\" data-id=\"11c8eed6\" data-element_type=\"section\">\n\t\t\t\t\t\t<div class=\"elementor-container elementor-column-gap-default\">\n\t\t\t\t\t\t\t<div class=\"elementor-row\">\n\t\t\t\t\t<div class=\"elementor-column elementor-col-100 elementor-top-column elementor-element elementor-element-769cc358\" data-id=\"769cc358\" data-element_type=\"column\">\n\t\t\t<div class=\"elementor-column-wrap elementor-element-populated\">\n\t\t\t\t\t\t\t<div class=\"elementor-widget-wrap\">\n\t\t\t\t\t\t<div class=\"elementor-element elementor-element-2f810c1 elementor-widget elementor-widget-text-editor\" data-id=\"2f810c1\" data-element_type=\"widget\" data-widget_type=\"text-editor.default\">\n\t\t\t\t<div class=\"elementor-widget-container\">\n\t\t\t\t\t\t\t\t<div class=\"elementor-text-editor elementor-clearfix\">\n\t\t\t\t<p>\u00d3vod\u00e1nk alap\u00edtv\u00e1nya az<\/p><p style=\"text-align: center;\"><strong>ABDAI M\u00c9ZESKAL\u00c1CS ALAP\u00cdTV\u00c1NY<\/strong><\/p><p style=\"text-align: center;\">tudja fogadni az ad\u00f3kb\u00f3l az <strong>1%<\/strong>-os felaj\u00e1nl\u00e1sokat.<br \/>Ad\u00f3sz\u00e1munk: <strong>18746673-1-08<\/strong><br \/>Aki \u00fagy gondolja \u00e9s megtisztel benn\u00fcnket azzal, hogy ad\u00f3ja 1%-\u00e1t nek\u00fcnk adja, az a fenti ad\u00f3sz\u00e1mon teheti meg.<\/p><p style=\"text-align: left;\">K\u00f6sz\u00f6nj\u00fck, hogy minket v\u00e1lasztottak!<\/p><hr \/><p align=\"center\"><span style=\"font-size: 14px;\"><span style=\"font-family: georgia,serif;\"><em><strong><span style=\"font-size: 18px;\">\u201eAbdai M\u00e9zeskal\u00e1cs Alap\u00edtv\u00e1ny\u201d<\/span><\/strong><\/em><\/span><\/span><\/p><p><span style=\"font-size: 14px;\"><span style=\"font-family: georgia,serif;\">Legnagyobb \u00f6r\u00f6m\u00fcnkre a sz\u00fcl\u0151i munkak\u00f6z\u00f6ss\u00e9g t\u00e1mogat\u00e1s\u00e1val 2016-ban l\u00e9trej\u00f6tt \u00e9s joger\u0151re emelkedett \u00f3vod\u00e1nk \u00e9s b\u00f6lcs\u0151d\u00e9nk alap\u00edtv\u00e1nya <strong>\u201eAbdai M\u00e9zeskal\u00e1cs Alap\u00edtv\u00e1ny\u201d<\/strong> n\u00e9ven. Az alap\u00edt\u00f3 a sz\u00fcl\u0151i munkak\u00f6z\u00f6ss\u00e9g nev\u00e9ben R\u00e1czn\u00e9 Balogh No\u00e9mi. Az alap\u00edtv\u00e1ny kurat\u00f3rium\u00e1nak eln\u00f6ke Nagyn\u00e9 Szekeres M\u00e1rta f\u0151igazgat\u00f3, tagjai Sink\u00f3n\u00e9 Meszl\u00e9nyi Ildik\u00f3 \u00f3vodapedag\u00f3gus\/f\u0151igazgat\u00f3 helyettes \u00e9s a b\u00f6lcs\u0151de r\u00e9sz\u00e9r\u0151l S\u00e1h\u00f3-Felhoffer Linda kisgyermeknevel\u0151\/szakmai vezet\u0151.<\/span><\/span><\/p><p><span style=\"font-size: 14px;\"><span style=\"font-family: georgia,serif;\">Az alap\u00edtv\u00e1ny f\u0151 c\u00e9lja a M\u00e9zeskal\u00e1cs K\u00f6rzeti Napk\u00f6zi Otthonos \u00d3voda \u00e9s B\u00f6lcs\u0151de t\u00e1mogat\u00e1sa. Ennek keret\u00e9ben:<\/span><\/span><\/p><ul><li><span style=\"font-size: 14px;\"><span style=\"font-family: georgia,serif;\">az \u00f3vodai \u00e9s b\u00f6lcs\u0151dei eszk\u00f6z\u00f6k \u00e9s felszerel\u00e9sek beszerz\u00e9s\u00e9nek anyagi t\u00e1mogat\u00e1sa,<\/span><\/span><\/li><li><span style=\"font-size: 14px;\"><span style=\"font-family: georgia,serif;\">az \u00f3vodai kir\u00e1ndul\u00e1sokon, kultur\u00e1lis \u00e9s sportrendezv\u00e9nyeken a r\u00e9szv\u00e9teli \u00e9s utaz\u00e1si k\u00f6lts\u00e9gekhez hozz\u00e1j\u00e1rul\u00e1s,<\/span><\/span><\/li><li><span style=\"font-size: 14px;\"><span style=\"font-family: georgia,serif;\">az \u00f3voda \u00e9s b\u00f6lcs\u0151de udvar\u00e1nak mozg\u00e1sfejleszt\u0151 j\u00e1t\u00e9kainak b\u0151v\u00edt\u00e9se, cser\u00e9je, biztons\u00e1goss\u00e1 t\u00e9tele az Eur\u00f3pai Uni\u00f3 szabv\u00e1ny\u00e1nak megfelel\u0151en,<\/span><\/span><\/li><li><span style=\"font-size: 14px;\"><span style=\"font-family: georgia,serif;\">a k\u00fcl\u00f6nleges b\u00e1n\u00e1sm\u00f3dot ig\u00e9nyl\u0151 gyermekek fejleszt\u00e9s\u00e9hez sz\u00fcks\u00e9ges speci\u00e1lis eszk\u00f6z\u00f6k beszerz\u00e9s\u00e9hez anyagi t\u00e1mogat\u00e1s ny\u00fajt\u00e1sa<\/span><\/span><\/li><li><span style=\"font-size: 14px;\"><span style=\"font-family: georgia,serif;\">az int\u00e9zm\u00e9ny dolgoz\u00f3inak szakmai meg\u00fajul\u00e1s\u00e1hoz seg\u00edts\u00e9gny\u00fajt\u00e1s, rendezv\u00e9nyekhez, el\u0151ad\u00e1sokhoz anyagi t\u00e1mogat\u00e1s biztos\u00edt\u00e1sa<\/span><\/span><\/li><li><span style=\"font-size: 14px;\"><span style=\"font-family: georgia,serif;\">szoci\u00e1lisan r\u00e1szorul\u00f3 gyermekek t\u00e1mogat\u00e1sa<\/span><\/span><\/li><\/ul><p><span style=\"font-size: 14px;\"><span style=\"font-family: georgia,serif;\">Az alap\u00edtv\u00e1ny sz\u00e1mlasz\u00e1ma:<span style=\"font-size: 16px;\"><strong> 59000019-11015637<\/strong><\/span><\/span><\/span><\/p>\t\t\t\t\t<\/div>\n\t\t\t\t\t\t<\/div>\n\t\t\t\t<\/div>\n\t\t\t\t\t\t<\/div>\n\t\t\t\t\t<\/div>\n\t\t<\/div>\n\t\t\t\t\t\t\t\t<\/div>\n\t\t\t\t\t<\/div>\n\t\t<\/section>\n\t\t\t\t\t\t\t\t\t<\/div>\n\t\t\t<\/div>\n\t\t\t\t\t<\/div>\n\t\t","protected":false},"excerpt":{"rendered":"<div class=\"mh-excerpt\"><p>\u00d3vod\u00e1nk alap\u00edtv\u00e1nya az ABDAI M\u00c9ZESKAL\u00c1CS ALAP\u00cdTV\u00c1NY tudja fogadni az ad\u00f3kb\u00f3l az 1%-os felaj\u00e1nl\u00e1sokat.Ad\u00f3sz\u00e1munk: 18746673-1-08Aki \u00fagy gondolja \u00e9s megtisztel benn\u00fcnket azzal, hogy ad\u00f3ja 1%-\u00e1t nek\u00fcnk adja, <a class=\"mh-excerpt-more\" href=\"https:\/\/www.mezeskalacs-ovoda.hu\/?page_id=1319\" title=\"Alap\u00edtv\u00e1ny\">[&#8230;]<\/a><\/p>\n<\/div>","protected":false},"author":5,"featured_media":0,"parent":0,"menu_order":0,"comment_status":"open","ping_status":"open","template":"","meta":[],"_links":{"self":[{"href":"https:\/\/www.mezeskalacs-ovoda.hu\/index.php?rest_route=\/wp\/v2\/pages\/1319"}],"collection":[{"href":"https:\/\/www.mezeskalacs-ovoda.hu\/index.php?rest_route=\/wp\/v2\/pages"}],"about":[{"href":"https:\/\/www.mezeskalacs-ovoda.hu\/index.php?rest_route=\/wp\/v2\/types\/page"}],"author":[{"embeddable":true,"href":"https:\/\/www.mezeskalacs-ovoda.hu\/index.php?rest_route=\/wp\/v2\/users\/5"}],"replies":[{"embeddable":true,"href":"https:\/\/www.mezeskalacs-ovoda.hu\/index.php?rest_route=%2Fwp%2Fv2%2Fcomments&post=1319"}],"version-history":[{"count":15,"href":"https:\/\/www.mezeskalacs-ovoda.hu\/index.php?rest_route=\/wp\/v2\/pages\/1319\/revisions"}],"predecessor-version":[{"id":2617,"href":"https:\/\/www.mezeskalacs-ovoda.hu\/index.php?rest_route=\/wp\/v2\/pages\/1319\/revisions\/2617"}],"wp:attachment":[{"href":"https:\/\/www.mezeskalacs-ovoda.hu\/index.php?rest_route=%2Fwp%2Fv2%2Fmedia&parent=1319"}],"curies":[{"name":"wp","href":"https:\/\/api.w.org\/{rel}","templated":true}]}}