{"id":592,"date":"2015-03-03T15:12:01","date_gmt":"2015-03-03T15:12:01","guid":{"rendered":"http:\/\/www.ovoda.abdaiak.hu\/?page_id=592"},"modified":"2026-04-07T17:14:29","modified_gmt":"2026-04-07T17:14:29","slug":"munkatarsak-bolcsi","status":"publish","type":"page","link":"http:\/\/www.mezeskalacs-ovoda.hu\/?page_id=592","title":{"rendered":"Munkat\u00e1rsak"},"content":{"rendered":"\t\t<div data-elementor-type=\"wp-page\" data-elementor-id=\"592\" class=\"elementor elementor-592\">\n\t\t\t\t\t\t<div class=\"elementor-inner\">\n\t\t\t\t<div class=\"elementor-section-wrap\">\n\t\t\t\t\t\t\t\t\t<section class=\"elementor-section elementor-top-section elementor-element elementor-element-663f47e3 elementor-section-boxed elementor-section-height-default elementor-section-height-default\" data-id=\"663f47e3\" data-element_type=\"section\">\n\t\t\t\t\t\t<div class=\"elementor-container elementor-column-gap-default\">\n\t\t\t\t\t\t\t<div class=\"elementor-row\">\n\t\t\t\t\t<div class=\"elementor-column elementor-col-100 elementor-top-column elementor-element elementor-element-26e6a960\" data-id=\"26e6a960\" data-element_type=\"column\">\n\t\t\t<div class=\"elementor-column-wrap elementor-element-populated\">\n\t\t\t\t\t\t\t<div class=\"elementor-widget-wrap\">\n\t\t\t\t\t\t<div class=\"elementor-element elementor-element-5dc46022 elementor-widget elementor-widget-text-editor\" data-id=\"5dc46022\" data-element_type=\"widget\" data-widget_type=\"text-editor.default\">\n\t\t\t\t<div class=\"elementor-widget-container\">\n\t\t\t\t\t\t\t\t<div class=\"elementor-text-editor elementor-clearfix\">\n\t\t\t\t<table style=\"width: 100%;\" border=\"0\" cellspacing=\"1\" cellpadding=\"1\"><tbody><tr><td><p style=\"text-align: center;\"><strong><a href=\"https:\/\/www.mezeskalacs-ovoda.hu\/?attachment_id=2907\" rel=\"attachment wp-att-2907\"><img loading=\"lazy\" class=\"aligncenter wp-image-2907 size-large\" src=\"http:\/\/www.mezeskalacs-ovoda.hu\/wp-content\/uploads\/2026\/02\/Nagyne-Szekeres-Marta-foigazgato-1024x683.jpg\" alt=\"\" width=\"1024\" height=\"683\" srcset=\"http:\/\/www.mezeskalacs-ovoda.hu\/wp-content\/uploads\/2026\/02\/Nagyne-Szekeres-Marta-foigazgato-1024x683.jpg 1024w, http:\/\/www.mezeskalacs-ovoda.hu\/wp-content\/uploads\/2026\/02\/Nagyne-Szekeres-Marta-foigazgato-300x200.jpg 300w, http:\/\/www.mezeskalacs-ovoda.hu\/wp-content\/uploads\/2026\/02\/Nagyne-Szekeres-Marta-foigazgato-768x512.jpg 768w, http:\/\/www.mezeskalacs-ovoda.hu\/wp-content\/uploads\/2026\/02\/Nagyne-Szekeres-Marta-foigazgato-1536x1024.jpg 1536w, http:\/\/www.mezeskalacs-ovoda.hu\/wp-content\/uploads\/2026\/02\/Nagyne-Szekeres-Marta-foigazgato-2048x1365.jpg 2048w\" sizes=\"(max-width: 1024px) 100vw, 1024px\" \/><\/a><\/strong><\/p><p style=\"text-align: center;\"><strong>Nagyn\u00e9 Szekeres M\u00e1rta<br \/>f\u0151igazgat\u00f3<\/strong><\/p><\/td><td><p style=\"text-align: center;\"><strong><a href=\"https:\/\/www.mezeskalacs-ovoda.hu\/?attachment_id=2906\" rel=\"attachment wp-att-2906\"><img loading=\"lazy\" class=\"aligncenter wp-image-2906 size-large\" src=\"http:\/\/www.mezeskalacs-ovoda.hu\/wp-content\/uploads\/2026\/02\/Laszloffy-Peto-Judit-ovodatitkar-1024x683.jpg\" alt=\"\" width=\"1024\" height=\"683\" srcset=\"http:\/\/www.mezeskalacs-ovoda.hu\/wp-content\/uploads\/2026\/02\/Laszloffy-Peto-Judit-ovodatitkar-1024x683.jpg 1024w, http:\/\/www.mezeskalacs-ovoda.hu\/wp-content\/uploads\/2026\/02\/Laszloffy-Peto-Judit-ovodatitkar-300x200.jpg 300w, http:\/\/www.mezeskalacs-ovoda.hu\/wp-content\/uploads\/2026\/02\/Laszloffy-Peto-Judit-ovodatitkar-768x512.jpg 768w, http:\/\/www.mezeskalacs-ovoda.hu\/wp-content\/uploads\/2026\/02\/Laszloffy-Peto-Judit-ovodatitkar-1536x1024.jpg 1536w, http:\/\/www.mezeskalacs-ovoda.hu\/wp-content\/uploads\/2026\/02\/Laszloffy-Peto-Judit-ovodatitkar-2048x1365.jpg 2048w\" sizes=\"(max-width: 1024px) 100vw, 1024px\" \/><\/a><\/strong><\/p><p style=\"text-align: center;\"><strong>L\u00e1szl\u00f3ffy-Pet\u0151 Judit<br \/>\u00f3vodatitk\u00e1r<\/strong><\/p><\/td><\/tr><tr><td style=\"text-align: center;\" colspan=\"2\"><strong><span style=\"font-size: 18px;\">Kisgyermeknevel\u0151k<\/span><\/strong><\/td><\/tr><tr><td style=\"text-align: center;\" colspan=\"2\"><span style=\"font-size: 18px;\">Katica csoport<\/span><\/td><\/tr><tr><td><p style=\"text-align: center;\"><strong><a href=\"https:\/\/www.mezeskalacs-ovoda.hu\/?attachment_id=2908\" rel=\"attachment wp-att-2908\"><img loading=\"lazy\" class=\"aligncenter wp-image-2908 size-large\" src=\"http:\/\/www.mezeskalacs-ovoda.hu\/wp-content\/uploads\/2026\/02\/Saho-Felhoffer-Linda-kisgyermeknevelo-1024x683.jpg\" alt=\"\" width=\"1024\" height=\"683\" srcset=\"http:\/\/www.mezeskalacs-ovoda.hu\/wp-content\/uploads\/2026\/02\/Saho-Felhoffer-Linda-kisgyermeknevelo-1024x683.jpg 1024w, http:\/\/www.mezeskalacs-ovoda.hu\/wp-content\/uploads\/2026\/02\/Saho-Felhoffer-Linda-kisgyermeknevelo-300x200.jpg 300w, http:\/\/www.mezeskalacs-ovoda.hu\/wp-content\/uploads\/2026\/02\/Saho-Felhoffer-Linda-kisgyermeknevelo-768x512.jpg 768w, http:\/\/www.mezeskalacs-ovoda.hu\/wp-content\/uploads\/2026\/02\/Saho-Felhoffer-Linda-kisgyermeknevelo-1536x1024.jpg 1536w, http:\/\/www.mezeskalacs-ovoda.hu\/wp-content\/uploads\/2026\/02\/Saho-Felhoffer-Linda-kisgyermeknevelo-2048x1365.jpg 2048w\" sizes=\"(max-width: 1024px) 100vw, 1024px\" \/><\/a><\/strong><\/p><p style=\"text-align: center;\"><strong>S\u00e1h\u00f3-Felhoffer Linda<br \/>b\u00f6lcs\u0151de szakmai vezet\u0151je<\/strong><\/p><\/td><td><p style=\"text-align: center;\"><a href=\"http:\/\/www.mezeskalacs-ovoda.hu\/wp-content\/uploads\/2014\/12\/DSC09953ps-Mark\u00f3-Kriszti\u00e1nn\u00e9.jpg\"><img loading=\"lazy\" class=\"size-medium wp-image-1861 aligncenter\" src=\"http:\/\/www.mezeskalacs-ovoda.hu\/wp-content\/uploads\/2014\/12\/DSC09953ps-Mark\u00f3-Kriszti\u00e1nn\u00e9-200x300.jpg\" alt=\"DSC09953ps Mark\u00f3 Kriszti\u00e1nn\u00e9\" width=\"200\" height=\"300\" srcset=\"http:\/\/www.mezeskalacs-ovoda.hu\/wp-content\/uploads\/2014\/12\/DSC09953ps-Mark\u00f3-Kriszti\u00e1nn\u00e9-200x300.jpg 200w, http:\/\/www.mezeskalacs-ovoda.hu\/wp-content\/uploads\/2014\/12\/DSC09953ps-Mark\u00f3-Kriszti\u00e1nn\u00e9-683x1024.jpg 683w\" sizes=\"(max-width: 200px) 100vw, 200px\" \/><\/a><strong>Mark\u00f3 Kriszti\u00e1nn\u00e9<\/strong><\/p><\/td><\/tr><tr><td style=\"text-align: center;\" colspan=\"2\"><span style=\"font-size: 18px;\">M\u00e9hecske csoport<\/span><\/td><\/tr><tr><td style=\"text-align: center;\"><a href=\"http:\/\/www.mezeskalacs-ovoda.hu\/?attachment_id=2514\" rel=\"attachment wp-att-2514\"><img loading=\"lazy\" class=\"size-medium wp-image-2514 aligncenter\" src=\"http:\/\/www.mezeskalacs-ovoda.hu\/wp-content\/uploads\/2023\/11\/DSC03027-200x300.jpg\" alt=\"\" width=\"200\" height=\"300\" srcset=\"http:\/\/www.mezeskalacs-ovoda.hu\/wp-content\/uploads\/2023\/11\/DSC03027-200x300.jpg 200w, http:\/\/www.mezeskalacs-ovoda.hu\/wp-content\/uploads\/2023\/11\/DSC03027.jpg 600w\" sizes=\"(max-width: 200px) 100vw, 200px\" \/><\/a><strong>D\u00f3sa-Kasz\u00e1s Helga<\/strong><\/td><td><p style=\"text-align: center;\"><a href=\"http:\/\/www.mezeskalacs-ovoda.hu\/wp-content\/uploads\/2018\/02\/DSC09592-Emreszn\u00e9-N\u00e9meth-Hajnalka-kisgyermeknevel\u0151.jpg\"><img loading=\"lazy\" class=\"size-medium wp-image-1615 aligncenter\" src=\"http:\/\/www.mezeskalacs-ovoda.hu\/wp-content\/uploads\/2018\/02\/DSC09592-Emreszn\u00e9-N\u00e9meth-Hajnalka-kisgyermeknevel\u0151-200x300.jpg\" alt=\"DSC09592 Emreszn\u00e9 N\u00e9meth Hajnalka kisgyermeknevel\u0151\" width=\"200\" height=\"300\" srcset=\"http:\/\/www.mezeskalacs-ovoda.hu\/wp-content\/uploads\/2018\/02\/DSC09592-Emreszn\u00e9-N\u00e9meth-Hajnalka-kisgyermeknevel\u0151-200x300.jpg 200w, http:\/\/www.mezeskalacs-ovoda.hu\/wp-content\/uploads\/2018\/02\/DSC09592-Emreszn\u00e9-N\u00e9meth-Hajnalka-kisgyermeknevel\u0151.jpg 600w\" sizes=\"(max-width: 200px) 100vw, 200px\" \/><\/a><strong>Emreszn\u00e9 N\u00e9meth Hajnalka<\/strong><\/p><\/td><\/tr><tr><td style=\"text-align: center;\" colspan=\"2\"><span style=\"font-size: 18px;\"><strong>B\u00f6lcs\u0151dei dajk\u00e1k<\/strong><\/span><\/td><\/tr><tr><td><p style=\"text-align: center;\"><a href=\"http:\/\/www.mezeskalacs-ovoda.hu\/?attachment_id=2552\" rel=\"attachment wp-att-2552\"><img loading=\"lazy\" class=\"size-medium wp-image-2552 aligncenter\" src=\"http:\/\/www.mezeskalacs-ovoda.hu\/wp-content\/uploads\/2024\/03\/DSC00998-002-200x300.jpg\" alt=\"\" width=\"200\" height=\"300\" srcset=\"http:\/\/www.mezeskalacs-ovoda.hu\/wp-content\/uploads\/2024\/03\/DSC00998-002-200x300.jpg 200w, http:\/\/www.mezeskalacs-ovoda.hu\/wp-content\/uploads\/2024\/03\/DSC00998-002.jpg 600w\" sizes=\"(max-width: 200px) 100vw, 200px\" \/><\/a><strong>Nyikosn\u00e9 Csap\u00f3 T\u00fcnde<\/strong><\/p><\/td><td><p style=\"text-align: center;\"><a href=\"http:\/\/www.mezeskalacs-ovoda.hu\/wp-content\/uploads\/2018\/02\/DSC09604-Kov\u00e1csicsn\u00e9-Horv\u00e1th-Eszter-b\u00f6lcs\u0151dei-dajka.jpg\"><img loading=\"lazy\" class=\"size-medium wp-image-1616 aligncenter\" src=\"http:\/\/www.mezeskalacs-ovoda.hu\/wp-content\/uploads\/2018\/02\/DSC09604-Kov\u00e1csicsn\u00e9-Horv\u00e1th-Eszter-b\u00f6lcs\u0151dei-dajka-200x300.jpg\" alt=\"DSC09604 Kov\u00e1csicsn\u00e9 Horv\u00e1th Eszter b\u00f6lcs\u0151dei dajka\" width=\"200\" height=\"300\" srcset=\"http:\/\/www.mezeskalacs-ovoda.hu\/wp-content\/uploads\/2018\/02\/DSC09604-Kov\u00e1csicsn\u00e9-Horv\u00e1th-Eszter-b\u00f6lcs\u0151dei-dajka-200x300.jpg 200w, http:\/\/www.mezeskalacs-ovoda.hu\/wp-content\/uploads\/2018\/02\/DSC09604-Kov\u00e1csicsn\u00e9-Horv\u00e1th-Eszter-b\u00f6lcs\u0151dei-dajka.jpg 600w\" sizes=\"(max-width: 200px) 100vw, 200px\" \/><\/a><strong>Kov\u00e1csin\u00e9 Horv\u00e1th Eszter<\/strong><\/p><\/td><\/tr><\/tbody><\/table>\t\t\t\t\t<\/div>\n\t\t\t\t\t\t<\/div>\n\t\t\t\t<\/div>\n\t\t\t\t<div class=\"elementor-element elementor-element-b4f2416 elementor-widget elementor-widget-button\" data-id=\"b4f2416\" data-element_type=\"widget\" data-widget_type=\"button.default\">\n\t\t\t\t<div class=\"elementor-widget-container\">\n\t\t\t\t\t<div class=\"elementor-button-wrapper\">\n\t\t\t<a href=\"http:\/\/www.mezeskalacs-ovoda.hu\/wp-content\/uploads\/2026\/02\/NYILATKOZAT-etkezeshez.pdf\" target=\"_blank\" class=\"elementor-button-link elementor-button elementor-size-sm\" role=\"button\">\n\t\t\t\t\t\t<span class=\"elementor-button-content-wrapper\">\n\t\t\t\t\t\t\t<span class=\"elementor-button-icon elementor-align-icon-left\">\n\t\t\t\t<i aria-hidden=\"true\" class=\"far fa-address-book\"><\/i>\t\t\t<\/span>\n\t\t\t\t\t\t<span class=\"elementor-button-text\">NYILATKOZAT \u00e9tkez\u00e9shez - let\u00f6lt\u00e9s<\/span>\n\t\t<\/span>\n\t\t\t\t\t<\/a>\n\t\t<\/div>\n\t\t\t\t<\/div>\n\t\t\t\t<\/div>\n\t\t\t\t\t\t<\/div>\n\t\t\t\t\t<\/div>\n\t\t<\/div>\n\t\t\t\t\t\t\t\t<\/div>\n\t\t\t\t\t<\/div>\n\t\t<\/section>\n\t\t\t\t\t\t\t\t\t<\/div>\n\t\t\t<\/div>\n\t\t\t\t\t<\/div>\n\t\t","protected":false},"excerpt":{"rendered":"<div class=\"mh-excerpt\"><p>Nagyn\u00e9 Szekeres M\u00e1rtaf\u0151igazgat\u00f3 L\u00e1szl\u00f3ffy-Pet\u0151 Judit\u00f3vodatitk\u00e1r Kisgyermeknevel\u0151k Katica csoport S\u00e1h\u00f3-Felhoffer Lindab\u00f6lcs\u0151de szakmai vezet\u0151je Mark\u00f3 Kriszti\u00e1nn\u00e9 M\u00e9hecske csoport D\u00f3sa-Kasz\u00e1s Helga Emreszn\u00e9 N\u00e9meth Hajnalka B\u00f6lcs\u0151dei dajk\u00e1k Nyikosn\u00e9 Csap\u00f3 <a class=\"mh-excerpt-more\" href=\"http:\/\/www.mezeskalacs-ovoda.hu\/?page_id=592\" title=\"Munkat\u00e1rsak\">[&#8230;]<\/a><\/p>\n<\/div>","protected":false},"author":1,"featured_media":0,"parent":0,"menu_order":0,"comment_status":"open","ping_status":"open","template":"","meta":[],"_links":{"self":[{"href":"http:\/\/www.mezeskalacs-ovoda.hu\/index.php?rest_route=\/wp\/v2\/pages\/592"}],"collection":[{"href":"http:\/\/www.mezeskalacs-ovoda.hu\/index.php?rest_route=\/wp\/v2\/pages"}],"about":[{"href":"http:\/\/www.mezeskalacs-ovoda.hu\/index.php?rest_route=\/wp\/v2\/types\/page"}],"author":[{"embeddable":true,"href":"http:\/\/www.mezeskalacs-ovoda.hu\/index.php?rest_route=\/wp\/v2\/users\/1"}],"replies":[{"embeddable":true,"href":"http:\/\/www.mezeskalacs-ovoda.hu\/index.php?rest_route=%2Fwp%2Fv2%2Fcomments&post=592"}],"version-history":[{"count":50,"href":"http:\/\/www.mezeskalacs-ovoda.hu\/index.php?rest_route=\/wp\/v2\/pages\/592\/revisions"}],"predecessor-version":[{"id":2933,"href":"http:\/\/www.mezeskalacs-ovoda.hu\/index.php?rest_route=\/wp\/v2\/pages\/592\/revisions\/2933"}],"wp:attachment":[{"href":"http:\/\/www.mezeskalacs-ovoda.hu\/index.php?rest_route=%2Fwp%2Fv2%2Fmedia&parent=592"}],"curies":[{"name":"wp","href":"https:\/\/api.w.org\/{rel}","templated":true}]}}